{"id":45,"date":"2022-03-26T20:10:48","date_gmt":"2022-03-26T19:10:48","guid":{"rendered":"https:\/\/www.la-caracola.com\/de\/?page_id=45"},"modified":"2022-09-17T20:52:07","modified_gmt":"2022-09-17T18:52:07","slug":"startseite","status":"publish","type":"page","link":"https:\/\/www.la-caracola.com\/es\/","title":{"rendered":"Pagina principal"},"content":{"rendered":"\n<p class=\"has-medium-font-size\" style=\"font-style:normal;font-weight:700\"><\/p>\n\n\n\n<div style=\"height:30px\" aria-hidden=\"true\" class=\"wp-block-spacer\"><\/div>\n\n\n\n<h2 class=\"wp-block-heading\">Bienvenido a La Caracola,<\/h2>\n\n\n\n<p>Nuestro Food &#038; Lounge Bar est\u00e1 situado en uno de los lugares m\u00e1s bonitos del pueblo, en el puerto de Cala Ratjada. Podr\u00e1 disfrutar de una deliciosa comida, una buena taza de caf\u00e9 o simplemente una buena copa de vino con sabrosas &#8220;bocaditos&#8221; en un gran ambiente.<\/p>\n\n\n\n<p><\/p>\n\n\n\n<p>Prestamos especial atenci\u00f3n a la calidad, el gusto y la competencia, para que puedan disfrutar de un momento inolvidable con nosotros. Le damos la bienvenida a nuestra terraza soleada directamente en el puerto y tambien dentro del restaurante, que esta decorado con mucho gusto.<\/p>\n\n\n","protected":false},"excerpt":{"rendered":"<p>Leer m\u00e1s<\/p>\n","protected":false},"author":1,"featured_media":0,"parent":0,"menu_order":0,"comment_status":"closed","ping_status":"closed","template":"page-templates\/pagebuilder.php","meta":{"footnotes":""},"class_list":["post-45","page","type-page","status-publish","hentry"],"_links":{"self":[{"href":"https:\/\/www.la-caracola.com\/es\/wp-json\/wp\/v2\/pages\/45","targetHints":{"allow":["GET"]}}],"collection":[{"href":"https:\/\/www.la-caracola.com\/es\/wp-json\/wp\/v2\/pages"}],"about":[{"href":"https:\/\/www.la-caracola.com\/es\/wp-json\/wp\/v2\/types\/page"}],"author":[{"embeddable":true,"href":"https:\/\/www.la-caracola.com\/es\/wp-json\/wp\/v2\/users\/1"}],"replies":[{"embeddable":true,"href":"https:\/\/www.la-caracola.com\/es\/wp-json\/wp\/v2\/comments?post=45"}],"version-history":[{"count":36,"href":"https:\/\/www.la-caracola.com\/es\/wp-json\/wp\/v2\/pages\/45\/revisions"}],"predecessor-version":[{"id":406,"href":"https:\/\/www.la-caracola.com\/es\/wp-json\/wp\/v2\/pages\/45\/revisions\/406"}],"wp:attachment":[{"href":"https:\/\/www.la-caracola.com\/es\/wp-json\/wp\/v2\/media?parent=45"}],"curies":[{"name":"wp","href":"https:\/\/api.w.org\/{rel}","templated":true}]}}