{"id":3,"date":"2022-03-26T18:26:53","date_gmt":"2022-03-26T17:26:53","guid":{"rendered":"https:\/\/www.la-caracola.com\/?page_id=3"},"modified":"2022-07-13T13:39:02","modified_gmt":"2022-07-13T11:39:02","slug":"datenschutzerklaerung","status":"publish","type":"page","link":"https:\/\/www.la-caracola.com\/es\/datenschutzerklaerung\/","title":{"rendered":"Aviso legal"},"content":{"rendered":"\n<h2 class=\"wp-block-heading\">Qui\u00e9nes somos<\/h2>\n\n\n\n<p>La Caracola<br>Calle Eleanor servera 80<br>07590 Cala Ratjada<\/p>\n\n\n\n<p>E-Mail: info@la-caracola.com<br>Die Adresse unserer Website ist: https:\/\/www.la-caracola.com.<\/p>\n\n\n\n<h2 class=\"wp-block-heading\">Medios de comunicaci\u00f3n<\/h2>\n\n\n\n<p>Si eres un usuario registrado y subes fotos a este sitio web, debes evitar subir fotos con una ubicaci\u00f3n GPS EXIF. Los visitantes de este sitio web pueden descargar las fotos almacenadas en \u00e9l y extraer su informaci\u00f3n de localizaci\u00f3n.<\/p>\n\n\n\n<h2 class=\"wp-block-heading\">Cookies<\/h2>\n\n\n\n<p>El sitio web de La Caracola utiliza cookies. Las cookies son archivos de texto que se colocan y almacenan en un sistema inform\u00e1tico a trav\u00e9s de un navegador de Internet.<\/p>\n\n\n\n<p>Numerosas p\u00e1ginas y servidores de Internet utilizan cookies. Muchas cookies contienen el llamado ID de la cookie. Un ID de cookie es un identificador \u00fanico de la cookie. Consiste en una cadena de caracteres mediante la cual se pueden asignar las p\u00e1ginas de Internet y los servidores al navegador de Internet espec\u00edfico en el que se almacen\u00f3 la cookie. Esto permite a las p\u00e1ginas de Internet visitadas y a los servidores distinguir el navegador individual del interesado de otros navegadores de Internet que contienen otras cookies. Un navegador de Internet espec\u00edfico puede ser reconocido e identificado a trav\u00e9s de la identificaci\u00f3n \u00fanica de la cookie.<\/p>\n\n\n\n<p>Mediante el uso de cookies, La Caracola puede proporcionar a los usuarios de este sitio web servicios m\u00e1s f\u00e1ciles de usar que no ser\u00edan posibles sin la configuraci\u00f3n de cookies.<\/p>\n\n\n\n<p>Mediante el uso de cookies, la informaci\u00f3n y las ofertas de nuestro sitio web pueden optimizarse en beneficio del usuario. Como ya se ha mencionado, las cookies nos permiten reconocer a los usuarios de nuestro sitio web. El objetivo de este reconocimiento es facilitar a los usuarios el uso de nuestro sitio web. Por ejemplo, el usuario de un sitio web que utiliza cookies no tiene que volver a introducir sus datos de acceso cada vez que visita el sitio web, ya que esto lo hace el sitio web y la cookie almacenada en el sistema inform\u00e1tico del usuario. Otro ejemplo es la cookie de una cesta de la compra en una tienda online. La tienda online recuerda los art\u00edculos que un cliente ha colocado en la cesta de la compra virtual a trav\u00e9s de una cookie.<\/p>\n\n\n\n<p>El interesado puede impedir en cualquier momento la instalaci\u00f3n de cookies por parte de nuestro sitio web mediante una configuraci\u00f3n adecuada del navegador de Internet utilizado y, de este modo, oponerse permanentemente a la instalaci\u00f3n de cookies. Adem\u00e1s, las cookies ya instaladas pueden eliminarse en cualquier momento a trav\u00e9s de un navegador de Internet u otros programas inform\u00e1ticos. Esto es posible en todos los navegadores de Internet habituales. Si el interesado desactiva la configuraci\u00f3n de las cookies en el navegador de Internet utilizado, es posible que no se puedan utilizar plenamente todas las funciones de nuestro sitio web.<\/p>\n\n\n\n<h2 class=\"wp-block-heading\">Contenido incrustado de otros sitios web<\/h2>\n\n\n\n<p>Las publicaciones de este sitio web pueden incluir contenido incrustado (por ejemplo, v\u00eddeos, im\u00e1genes, art\u00edculos, etc.). El contenido incrustado de otros sitios web se comporta exactamente como si el visitante hubiera visitado el otro sitio web.<\/p>\n\n\n\n<p>Estos sitios web pueden recopilar informaci\u00f3n sobre usted, utilizar cookies, incrustar servicios de seguimiento adicionales de terceros y registrar su interacci\u00f3n con este contenido incrustado, incluida su interacci\u00f3n con el contenido incrustado si tiene una cuenta y ha iniciado sesi\u00f3n en este sitio web.<\/p>\n\n\n\n<h2 class=\"wp-block-heading\">Con qui\u00e9n compartimos sus datos<\/h2>\n\n\n\n<p>Si solicita un restablecimiento de la contrase\u00f1a, su direcci\u00f3n IP se incluir\u00e1 en el correo electr\u00f3nico de restablecimiento.<\/p>\n\n\n\n<h2 class=\"wp-block-heading\">Cu\u00e1nto tiempo almacenamos sus datos<\/h2>\n\n\n\n<p>Cuando usted publica un comentario, \u00e9ste se guarda indefinidamente, incluyendo los metadatos. De esta manera podemos detectar y aprobar autom\u00e1ticamente los comentarios de seguimiento en lugar de mantenerlos en una cola de moderaci\u00f3n.<\/p>\n\n\n\n<p>En el caso de los usuarios que se registran en nuestro sitio web, almacenamos adem\u00e1s la informaci\u00f3n personal que proporcionan en sus perfiles de usuario. Todos los usuarios pueden ver, cambiar o eliminar su informaci\u00f3n personal en cualquier momento (el nombre de usuario no puede cambiarse). Los administradores del sitio web tambi\u00e9n pueden ver y modificar esta informaci\u00f3n.<\/p>\n\n\n\n<h2 class=\"wp-block-heading\">Qu\u00e9 derechos tiene usted sobre sus datos<\/h2>\n\n\n\n<p>Si tiene una cuenta en este sitio web o ha publicado comentarios, puede solicitar que exportemos sus datos personales, incluidos los que nos haya proporcionado. Tambi\u00e9n puede solicitar la supresi\u00f3n de los datos personales que tenemos sobre usted. Esto no incluye los datos que estamos obligados a conservar por motivos administrativos, legales o de seguridad.<\/p>\n\n\n\n<h2 class=\"wp-block-heading\">D\u00f3nde enviamos sus datos<\/h2>\n\n\n\n<p>Los comentarios de los visitantes podr\u00edan ser examinados por un servicio automatizado de detecci\u00f3n de spam.<\/p>\n","protected":false},"excerpt":{"rendered":"<p>Leer m\u00e1s<\/p>\n","protected":false},"author":1,"featured_media":0,"parent":0,"menu_order":0,"comment_status":"closed","ping_status":"open","template":"page-templates\/fullwidth-page.php","meta":{"footnotes":""},"class_list":["post-3","page","type-page","status-publish","hentry"],"_links":{"self":[{"href":"https:\/\/www.la-caracola.com\/es\/wp-json\/wp\/v2\/pages\/3","targetHints":{"allow":["GET"]}}],"collection":[{"href":"https:\/\/www.la-caracola.com\/es\/wp-json\/wp\/v2\/pages"}],"about":[{"href":"https:\/\/www.la-caracola.com\/es\/wp-json\/wp\/v2\/types\/page"}],"author":[{"embeddable":true,"href":"https:\/\/www.la-caracola.com\/es\/wp-json\/wp\/v2\/users\/1"}],"replies":[{"embeddable":true,"href":"https:\/\/www.la-caracola.com\/es\/wp-json\/wp\/v2\/comments?post=3"}],"version-history":[{"count":9,"href":"https:\/\/www.la-caracola.com\/es\/wp-json\/wp\/v2\/pages\/3\/revisions"}],"predecessor-version":[{"id":353,"href":"https:\/\/www.la-caracola.com\/es\/wp-json\/wp\/v2\/pages\/3\/revisions\/353"}],"wp:attachment":[{"href":"https:\/\/www.la-caracola.com\/es\/wp-json\/wp\/v2\/media?parent=3"}],"curies":[{"name":"wp","href":"https:\/\/api.w.org\/{rel}","templated":true}]}}